{"id":492,"date":"2025-09-17T09:29:24","date_gmt":"2025-09-17T09:29:24","guid":{"rendered":"https:\/\/www.eurekasystem.com\/produtos-v2\/"},"modified":"2025-10-21T13:27:32","modified_gmt":"2025-10-21T13:27:32","slug":"produtos-v2","status":"publish","type":"page","link":"https:\/\/www.eurekasystem.com\/pt-br\/produtos-v2\/","title":{"rendered":"Produtos &#8211; V2"},"content":{"rendered":"\t\t<div data-elementor-type=\"wp-page\" data-elementor-id=\"492\" class=\"elementor elementor-492 elementor-298\" data-elementor-settings=\"{&quot;ha_cmc_init_switcher&quot;:&quot;no&quot;}\" data-elementor-post-type=\"page\">\n\t\t\t\t<div class=\"elementor-element elementor-element-68d892f7 e-con-full e-flex elementor-invisible e-con e-parent\" data-id=\"68d892f7\" data-element_type=\"container\" data-e-type=\"container\" data-settings=\"{&quot;animation&quot;:&quot;zoomIn&quot;,&quot;_ha_eqh_enable&quot;:false}\">\n\t\t<div class=\"elementor-element elementor-element-59154321 e-flex e-con-boxed e-con e-child\" data-id=\"59154321\" data-element_type=\"container\" data-e-type=\"container\" data-settings=\"{&quot;background_background&quot;:&quot;classic&quot;,&quot;_ha_eqh_enable&quot;:false}\">\n\t\t\t\t\t<div class=\"e-con-inner\">\n\t\t<div class=\"elementor-element elementor-element-6015afc1 e-flex e-con-boxed e-con e-child\" data-id=\"6015afc1\" data-element_type=\"container\" data-e-type=\"container\" data-settings=\"{&quot;background_background&quot;:&quot;classic&quot;,&quot;_ha_eqh_enable&quot;:false}\">\n\t\t\t\t\t<div class=\"e-con-inner\">\n\t\t<div class=\"elementor-element elementor-element-49ca953c e-con-full e-flex e-con e-child\" data-id=\"49ca953c\" data-element_type=\"container\" data-e-type=\"container\" data-settings=\"{&quot;_ha_eqh_enable&quot;:false}\">\n\t\t\t\t<div class=\"elementor-element elementor-element-a7b8404 elementor-widget elementor-widget-text-editor\" data-id=\"a7b8404\" data-element_type=\"widget\" data-e-type=\"widget\" data-widget_type=\"text-editor.default\">\n\t\t\t\t<div class=\"elementor-widget-container\">\n\t\t\t\t\t\t\t\t\t<p>Produtos<\/p>\t\t\t\t\t\t\t\t<\/div>\n\t\t\t\t<\/div>\n\t\t\t\t<\/div>\n\t\t\t\t\t<\/div>\n\t\t\t\t<\/div>\n\t\t\t\t\t<\/div>\n\t\t\t\t<\/div>\n\t\t\t\t<\/div>\n\t\t<div class=\"elementor-element elementor-element-594325aa e-grid e-con-boxed e-con e-parent\" data-id=\"594325aa\" data-element_type=\"container\" data-e-type=\"container\" data-settings=\"{&quot;_ha_eqh_enable&quot;:false}\">\n\t\t\t\t\t<div class=\"e-con-inner\">\n\t\t\t\t<div class=\"elementor-element elementor-element-30ef00f9 elementor-widget elementor-widget-text-editor\" data-id=\"30ef00f9\" data-element_type=\"widget\" data-e-type=\"widget\" data-widget_type=\"text-editor.default\">\n\t\t\t\t<div class=\"elementor-widget-container\">\n\t\t\t\t\t\t\t\t\t<p data-start=\"70\" data-end=\"227\">A Eureka System projeta, fabrica, instala e mant\u00e9m m\u00e1quinas e sistemas para o setor cer\u00e2mico e outros setores.<\/p><p data-start=\"229\" data-end=\"465\">As principais m\u00e1quinas fabricadas incluem <strong data-start=\"273\" data-end=\"286\">serras<\/strong>, m\u00e1quinas <strong data-start=\"288\" data-end=\"304\">de colagem<\/strong>, <strong data-start=\"306\" data-end=\"328\">secadores est\u00e1ticos<\/strong> e sistemas <strong data-start=\"342\" data-end=\"360\">de manuseio<\/strong> para a produ\u00e7\u00e3o de mosaicos, usando materiais como cer\u00e2mica, vidro, m\u00e1rmore e outras pedras naturais.<\/p><p data-start=\"467\" data-end=\"646\">Al\u00e9m disso, a Eureka System desenvolveu solu\u00e7\u00f5es personalizadas para atender \u00e0s necessidades espec\u00edficas de seus clientes, tanto no setor de cer\u00e2mica quanto em outros setores.<\/p>\t\t\t\t\t\t\t\t<\/div>\n\t\t\t\t<\/div>\n\t\t\t\t\t<\/div>\n\t\t\t\t<\/div>\n\t\t<div class=\"elementor-element elementor-element-701b141 e-flex e-con-boxed e-con e-parent\" data-id=\"701b141\" data-element_type=\"container\" data-e-type=\"container\" data-settings=\"{&quot;_ha_eqh_enable&quot;:false}\">\n\t\t\t\t\t<div class=\"e-con-inner\">\n\t\t<div class=\"elementor-element elementor-element-685418aa e-con-full e-flex e-con e-child\" data-id=\"685418aa\" data-element_type=\"container\" data-e-type=\"container\" data-settings=\"{&quot;_ha_eqh_enable&quot;:false}\">\n\t\t<div class=\"elementor-element elementor-element-669d471d e-con-full e-flex elementor-invisible e-con e-child\" data-id=\"669d471d\" data-element_type=\"container\" data-e-type=\"container\" data-settings=\"{&quot;animation&quot;:&quot;fadeInRight&quot;,&quot;_ha_eqh_enable&quot;:false}\">\n\t\t\t\t<div class=\"elementor-element elementor-element-39ad0b25 elementor-widget elementor-widget-image\" data-id=\"39ad0b25\" data-element_type=\"widget\" data-e-type=\"widget\" data-widget_type=\"image.default\">\n\t\t\t\t<div class=\"elementor-widget-container\">\n\t\t\t\t\t\t\t\t\t\t\t\t\t\t\t<img decoding=\"async\" width=\"76\" height=\"76\" src=\"https:\/\/www.eurekasystem.com\/wp-content\/uploads\/2025\/07\/Group-1000003320.png\" class=\"attachment-full size-full wp-image-491\" alt=\"\" \/>\t\t\t\t\t\t\t\t\t\t\t\t\t\t\t<\/div>\n\t\t\t\t<\/div>\n\t\t\t\t<div class=\"elementor-element elementor-element-392c3eb8 elementor-widget elementor-widget-icon-box\" data-id=\"392c3eb8\" data-element_type=\"widget\" data-e-type=\"widget\" data-widget_type=\"icon-box.default\">\n\t\t\t\t<div class=\"elementor-widget-container\">\n\t\t\t\t\t\t\t<div class=\"elementor-icon-box-wrapper\">\n\n\t\t\t\n\t\t\t\t\t\t<div class=\"elementor-icon-box-content\">\n\n\t\t\t\t\t\t\t\t\t<h3 class=\"elementor-icon-box-title\">\n\t\t\t\t\t\t<span  >\n\t\t\t\t\t\t\tM\u00e1quinas de serrar\t\t\t\t\t\t<\/span>\n\t\t\t\t\t<\/h3>\n\t\t\t\t\n\t\t\t\t\t\t\t\t\t<p class=\"elementor-icon-box-description\">\n\t\t\t\t\t\tAs serras cont\u00ednuas da Eureka System s\u00e3o m\u00e1quinas modernas e inovadoras, projetadas para cortar, chanfrar e perfilar placas e ladrilhos de cer\u00e2mica (monoqueima e gr\u00e9s, tamb\u00e9m polido), vidro (tamb\u00e9m decorado) e pedras naturais, como m\u00e1rmore, granito e outros materiais p\u00e9treos.\nGra\u00e7as ao sistema de corte com v\u00e1rias l\u00e2minas e ao uso de suportes especiais para as pe\u00e7as, essas serras permitem a obten\u00e7\u00e3o de uma ampla gama de formas geom\u00e9tricas, com espessuras de at\u00e9 3 cm e dimens\u00f5es que excedem as dimens\u00f5es laterais da m\u00e1quina. A m\u00e1quina de serrar pode ser usada de forma aut\u00f4noma ou facilmente integrada a linhas de processamento automatizadas.\nAs m\u00e1quinas de serrar Eureka System s\u00e3o caracterizadas por:<br>Estrutura de a\u00e7o, protegida por um tratamento de galvaniza\u00e7\u00e3o a quente<br>Esteira de suporte da pe\u00e7a que pode ser substitu\u00edda em poucos minutos<br>Cabe\u00e7otes de fuso com ajuste vertical e transversal, ambos motorizados<br>Acionamento entre motores e eixos de fuso dispon\u00edvel nas vers\u00f5es acionada por correia e acoplada diretamente, para opera\u00e7\u00f5es de usinagem que exigem alta pot\u00eancia \t\t\t\t\t<\/p>\n\t\t\t\t\n\t\t\t<\/div>\n\t\t\t\n\t\t<\/div>\n\t\t\t\t\t\t<\/div>\n\t\t\t\t<\/div>\n\t\t\t\t<div class=\"elementor-element elementor-element-86a7360 elementor-align-right elementor-widget elementor-widget-button\" data-id=\"86a7360\" data-element_type=\"widget\" data-e-type=\"widget\" data-widget_type=\"button.default\">\n\t\t\t\t<div class=\"elementor-widget-container\">\n\t\t\t\t\t\t\t\t\t<div class=\"elementor-button-wrapper\">\n\t\t\t\t\t<a class=\"elementor-button elementor-button-link elementor-size-sm\" href=\"https:\/\/www.eurekasystem.com\/prodotti-v2\/segatrici\/\">\n\t\t\t\t\t\t<span class=\"elementor-button-content-wrapper\">\n\t\t\t\t\t\t\t\t\t<span class=\"elementor-button-text\">Leia mais<\/span>\n\t\t\t\t\t<\/span>\n\t\t\t\t\t<\/a>\n\t\t\t\t<\/div>\n\t\t\t\t\t\t\t\t<\/div>\n\t\t\t\t<\/div>\n\t\t\t\t<\/div>\n\t\t\t\t<\/div>\n\t\t<div class=\"elementor-element elementor-element-6745575f e-con-full e-flex e-con e-child\" data-id=\"6745575f\" data-element_type=\"container\" data-e-type=\"container\" data-settings=\"{&quot;_ha_eqh_enable&quot;:false}\">\n\t\t<div class=\"elementor-element elementor-element-dca88b1 e-con-full e-flex elementor-invisible e-con e-child\" data-id=\"dca88b1\" data-element_type=\"container\" data-e-type=\"container\" data-settings=\"{&quot;animation&quot;:&quot;zoomIn&quot;,&quot;_ha_eqh_enable&quot;:false}\">\n\t\t\t\t<div class=\"elementor-element elementor-element-559d7f2a elementor-widget elementor-widget-image\" data-id=\"559d7f2a\" data-element_type=\"widget\" data-e-type=\"widget\" data-widget_type=\"image.default\">\n\t\t\t\t<div class=\"elementor-widget-container\">\n\t\t\t\t\t\t\t\t\t\t\t\t\t\t\t<img decoding=\"async\" width=\"76\" height=\"76\" src=\"https:\/\/www.eurekasystem.com\/wp-content\/uploads\/2025\/07\/Group-1000003320.png\" class=\"attachment-full size-full wp-image-491\" alt=\"\" \/>\t\t\t\t\t\t\t\t\t\t\t\t\t\t\t<\/div>\n\t\t\t\t<\/div>\n\t\t\t\t<div class=\"elementor-element elementor-element-4f253de4 elementor-widget elementor-widget-icon-box\" data-id=\"4f253de4\" data-element_type=\"widget\" data-e-type=\"widget\" data-widget_type=\"icon-box.default\">\n\t\t\t\t<div class=\"elementor-widget-container\">\n\t\t\t\t\t\t\t<div class=\"elementor-icon-box-wrapper\">\n\n\t\t\t\n\t\t\t\t\t\t<div class=\"elementor-icon-box-content\">\n\n\t\t\t\t\t\t\t\t\t<h3 class=\"elementor-icon-box-title\">\n\t\t\t\t\t\t<span  >\n\t\t\t\t\t\t\tM\u00e1quinas de perfilagem\t\t\t\t\t\t<\/span>\n\t\t\t\t\t<\/h3>\n\t\t\t\t\n\t\t\t\t\t\t\t\t\t<p class=\"elementor-icon-box-description\">\n\t\t\t\t\t\tNa produ\u00e7\u00e3o moderna de revestimentos cer\u00e2micos, que segue as tend\u00eancias est\u00e9ticas para pisos e revestimentos de parede, h\u00e1 um uso crescente de revestimentos com o m\u00ednimo ou nenhum rejunte, combina\u00e7\u00f5es de diferentes formatos e o uso de grandes formatos.<br>A ado\u00e7\u00e3o de revestimentos sem emendas n\u00e3o s\u00f3 atende a raz\u00f5es higi\u00eanicas, especialmente em \u00e1reas como banheiros e cozinhas, mas tamb\u00e9m atende a requisitos est\u00e9ticos, pois a aus\u00eancia ou redu\u00e7\u00e3o de rejuntes \u00e9 ideal para a instala\u00e7\u00e3o de grandes formatos ou formatos harmoniosamente combinados.<br>Isso \u00e9 poss\u00edvel gra\u00e7as \u00e0 moagem dos revestimentos no final do processo de produ\u00e7\u00e3o.\n\nA Eureka System desenvolveu uma m\u00e1quina de pr\u00e9-retifica\u00e7\u00e3o simples e funcional que simplifica e acelera muito o processo de retifica\u00e7\u00e3o de revestimentos cer\u00e2micos.\t\t\t\t\t<\/p>\n\t\t\t\t\n\t\t\t<\/div>\n\t\t\t\n\t\t<\/div>\n\t\t\t\t\t\t<\/div>\n\t\t\t\t<\/div>\n\t\t\t\t<div class=\"elementor-element elementor-element-a00cd2a elementor-align-right elementor-widget elementor-widget-button\" data-id=\"a00cd2a\" data-element_type=\"widget\" data-e-type=\"widget\" data-widget_type=\"button.default\">\n\t\t\t\t<div class=\"elementor-widget-container\">\n\t\t\t\t\t\t\t\t\t<div class=\"elementor-button-wrapper\">\n\t\t\t\t\t<a class=\"elementor-button elementor-button-link elementor-size-sm\" href=\"https:\/\/www.eurekasystem.com\/prodotti-v2\/profilatrice\/\">\n\t\t\t\t\t\t<span class=\"elementor-button-content-wrapper\">\n\t\t\t\t\t\t\t\t\t<span class=\"elementor-button-text\">Leia mais<\/span>\n\t\t\t\t\t<\/span>\n\t\t\t\t\t<\/a>\n\t\t\t\t<\/div>\n\t\t\t\t\t\t\t\t<\/div>\n\t\t\t\t<\/div>\n\t\t\t\t<\/div>\n\t\t\t\t<\/div>\n\t\t\t\t\t<\/div>\n\t\t\t\t<\/div>\n\t\t<div class=\"elementor-element elementor-element-2da22fe e-flex e-con-boxed e-con e-parent\" data-id=\"2da22fe\" data-element_type=\"container\" data-e-type=\"container\" data-settings=\"{&quot;_ha_eqh_enable&quot;:false}\">\n\t\t\t\t\t<div class=\"e-con-inner\">\n\t\t<div class=\"elementor-element elementor-element-3f0d85c e-con-full e-flex e-con e-child\" data-id=\"3f0d85c\" data-element_type=\"container\" data-e-type=\"container\" data-settings=\"{&quot;_ha_eqh_enable&quot;:false}\">\n\t\t<div class=\"elementor-element elementor-element-7e652cd e-con-full e-flex elementor-invisible e-con e-child\" data-id=\"7e652cd\" data-element_type=\"container\" data-e-type=\"container\" data-settings=\"{&quot;animation&quot;:&quot;fadeInRight&quot;,&quot;_ha_eqh_enable&quot;:false}\">\n\t\t\t\t<div class=\"elementor-element elementor-element-76ad526 elementor-widget elementor-widget-image\" data-id=\"76ad526\" data-element_type=\"widget\" data-e-type=\"widget\" data-widget_type=\"image.default\">\n\t\t\t\t<div class=\"elementor-widget-container\">\n\t\t\t\t\t\t\t\t\t\t\t\t\t\t\t<img decoding=\"async\" width=\"76\" height=\"76\" src=\"https:\/\/www.eurekasystem.com\/wp-content\/uploads\/2025\/07\/Group-1000003320.png\" class=\"attachment-full size-full wp-image-491\" alt=\"\" \/>\t\t\t\t\t\t\t\t\t\t\t\t\t\t\t<\/div>\n\t\t\t\t<\/div>\n\t\t\t\t<div class=\"elementor-element elementor-element-805af71 elementor-widget elementor-widget-icon-box\" data-id=\"805af71\" data-element_type=\"widget\" data-e-type=\"widget\" data-widget_type=\"icon-box.default\">\n\t\t\t\t<div class=\"elementor-widget-container\">\n\t\t\t\t\t\t\t<div class=\"elementor-icon-box-wrapper\">\n\n\t\t\t\n\t\t\t\t\t\t<div class=\"elementor-icon-box-content\">\n\n\t\t\t\t\t\t\t\t\t<h3 class=\"elementor-icon-box-title\">\n\t\t\t\t\t\t<span  >\n\t\t\t\t\t\t\tColadeiras\t\t\t\t\t\t<\/span>\n\t\t\t\t\t<\/h3>\n\t\t\t\t\n\t\t\t\t\t\t\t\t\t<p class=\"elementor-icon-box-description\">\n\t\t\t\t\t\tA Eureka System projeta e fabrica m\u00e1quinas de colagem manuais e semiautom\u00e1ticas para a colagem de cer\u00e2mica, vidro e pedra natural com cola vin\u00edlica.<br>M\u00c1QUINAS DE COLAGEM SEMIAUTOM\u00c1TICAS\nEssas m\u00e1quinas s\u00e3o ideais para a colagem em substratos como papel kraft, malha de fibra de vidro e outros materiais, usados na cria\u00e7\u00e3o de mosaicos, rosetas, trastes e composi\u00e7\u00f5es art\u00edsticas de v\u00e1rios tipos.<br>As m\u00e1quinas de colagem semiautom\u00e1ticas s\u00e3o equipadas com um m\u00f3dulo de secagem em linha, cujo comprimento pode ser adaptado \u00e0s necessidades espec\u00edficas do cliente ou montado ao longo da linha de retorno. A m\u00e1quina pode ser usada de forma aut\u00f4noma ou facilmente integrada a linhas automatizadas.<br>Op\u00e7\u00f5es especiais para m\u00e1quinas em linha e de retorno (dispon\u00edveis como op\u00e7\u00e3o):<br>M\u00f3dulo de pr\u00e9-aquecimento para pe\u00e7as recebidas para acelerar o processo de colagem<br>M\u00f3dulo de resfriamento final<br>Sistema de secagem a g\u00e1s em vez de el\u00e9trico <br><br>PLAINERS MANUAIS<br>Abaixo, apresentamos os principais tipos de m\u00e1quinas dispon\u00edveis (sem op\u00e7\u00f5es):\n\t\t\t\t\t<\/p>\n\t\t\t\t\n\t\t\t<\/div>\n\t\t\t\n\t\t<\/div>\n\t\t\t\t\t\t<\/div>\n\t\t\t\t<\/div>\n\t\t\t\t<div class=\"elementor-element elementor-element-9c6864f elementor-align-right elementor-widget elementor-widget-button\" data-id=\"9c6864f\" data-element_type=\"widget\" data-e-type=\"widget\" data-widget_type=\"button.default\">\n\t\t\t\t<div class=\"elementor-widget-container\">\n\t\t\t\t\t\t\t\t\t<div class=\"elementor-button-wrapper\">\n\t\t\t\t\t<a class=\"elementor-button elementor-button-link elementor-size-sm\" href=\"https:\/\/www.eurekasystem.com\/prodotti-v2\/incollatrici\/\">\n\t\t\t\t\t\t<span class=\"elementor-button-content-wrapper\">\n\t\t\t\t\t\t\t\t\t<span class=\"elementor-button-text\">Leia mais<\/span>\n\t\t\t\t\t<\/span>\n\t\t\t\t\t<\/a>\n\t\t\t\t<\/div>\n\t\t\t\t\t\t\t\t<\/div>\n\t\t\t\t<\/div>\n\t\t\t\t<\/div>\n\t\t\t\t<\/div>\n\t\t<div class=\"elementor-element elementor-element-3ad1df9 e-con-full e-flex e-con e-child\" data-id=\"3ad1df9\" data-element_type=\"container\" data-e-type=\"container\" data-settings=\"{&quot;_ha_eqh_enable&quot;:false}\">\n\t\t<div class=\"elementor-element elementor-element-df16f2c e-con-full e-flex elementor-invisible e-con e-child\" data-id=\"df16f2c\" data-element_type=\"container\" data-e-type=\"container\" data-settings=\"{&quot;animation&quot;:&quot;zoomIn&quot;,&quot;_ha_eqh_enable&quot;:false}\">\n\t\t\t\t<div class=\"elementor-element elementor-element-b377e6a elementor-widget elementor-widget-image\" data-id=\"b377e6a\" data-element_type=\"widget\" data-e-type=\"widget\" data-widget_type=\"image.default\">\n\t\t\t\t<div class=\"elementor-widget-container\">\n\t\t\t\t\t\t\t\t\t\t\t\t\t\t\t<img decoding=\"async\" width=\"76\" height=\"76\" src=\"https:\/\/www.eurekasystem.com\/wp-content\/uploads\/2025\/07\/Group-1000003320.png\" class=\"attachment-full size-full wp-image-491\" alt=\"\" \/>\t\t\t\t\t\t\t\t\t\t\t\t\t\t\t<\/div>\n\t\t\t\t<\/div>\n\t\t\t\t<div class=\"elementor-element elementor-element-68fb3e0 elementor-widget elementor-widget-icon-box\" data-id=\"68fb3e0\" data-element_type=\"widget\" data-e-type=\"widget\" data-widget_type=\"icon-box.default\">\n\t\t\t\t<div class=\"elementor-widget-container\">\n\t\t\t\t\t\t\t<div class=\"elementor-icon-box-wrapper\">\n\n\t\t\t\n\t\t\t\t\t\t<div class=\"elementor-icon-box-content\">\n\n\t\t\t\t\t\t\t\t\t<h3 class=\"elementor-icon-box-title\">\n\t\t\t\t\t\t<span  >\n\t\t\t\t\t\t\tSecadores\t\t\t\t\t\t<\/span>\n\t\t\t\t\t<\/h3>\n\t\t\t\t\n\t\t\t\t\t\t\t\t\t<p class=\"elementor-icon-box-description\">\n\t\t\t\t\t\tA Eureka System pode fornecer secadores pequenos para uma variedade de aplica\u00e7\u00f5es, tanto est\u00e1ticas (com c\u00e2mara) quanto cont\u00ednuas (com pe\u00e7as entrando e saindo continuamente da m\u00e1quina).\nNo setor de cer\u00e2mica, produzimos:<br>Secadores est\u00e1ticos de ar quente para secagem de pe\u00e7as de trabalho a partir de \u00e1gua de corte<br>Secadores cont\u00ednuos com l\u00e2mpada UV para preparar e acelerar a colagem, em linha com a m\u00e1quina de colagem a montante<br>Secadores cont\u00ednuos com l\u00e2mpada UV para secagem de pe\u00e7as de trabalho a partir de \u00e1gua de corte, em linha com a m\u00e1quina de serragem a jusante<br>Alguns exemplos de solu\u00e7\u00f5es propostas:  <br>Secador cont\u00ednuo com aquecimento por l\u00e2mpada UV para prepara\u00e7\u00e3o de cola<br>Secador cont\u00ednuo com aquecimento por l\u00e2mpada UV para secar pe\u00e7as de trabalho<br>\t\t\t\t\t<\/p>\n\t\t\t\t\n\t\t\t<\/div>\n\t\t\t\n\t\t<\/div>\n\t\t\t\t\t\t<\/div>\n\t\t\t\t<\/div>\n\t\t\t\t<div class=\"elementor-element elementor-element-8e607d1 elementor-align-right elementor-widget elementor-widget-button\" data-id=\"8e607d1\" data-element_type=\"widget\" data-e-type=\"widget\" data-widget_type=\"button.default\">\n\t\t\t\t<div class=\"elementor-widget-container\">\n\t\t\t\t\t\t\t\t\t<div class=\"elementor-button-wrapper\">\n\t\t\t\t\t<a class=\"elementor-button elementor-button-link elementor-size-sm\" href=\"https:\/\/www.eurekasystem.com\/prodotti-v2\/essicatoi\/\">\n\t\t\t\t\t\t<span class=\"elementor-button-content-wrapper\">\n\t\t\t\t\t\t\t\t\t<span class=\"elementor-button-text\">Leia mais<\/span>\n\t\t\t\t\t<\/span>\n\t\t\t\t\t<\/a>\n\t\t\t\t<\/div>\n\t\t\t\t\t\t\t\t<\/div>\n\t\t\t\t<\/div>\n\t\t\t\t<\/div>\n\t\t\t\t<\/div>\n\t\t\t\t\t<\/div>\n\t\t\t\t<\/div>\n\t\t<div class=\"elementor-element elementor-element-8b57059 e-flex e-con-boxed e-con e-parent\" data-id=\"8b57059\" data-element_type=\"container\" data-e-type=\"container\" data-settings=\"{&quot;_ha_eqh_enable&quot;:false}\">\n\t\t\t\t\t<div class=\"e-con-inner\">\n\t\t<div class=\"elementor-element elementor-element-9b347c7 e-con-full e-flex e-con e-child\" data-id=\"9b347c7\" data-element_type=\"container\" data-e-type=\"container\" data-settings=\"{&quot;_ha_eqh_enable&quot;:false}\">\n\t\t<div class=\"elementor-element elementor-element-f464b1c e-con-full e-flex elementor-invisible e-con e-child\" data-id=\"f464b1c\" data-element_type=\"container\" data-e-type=\"container\" data-settings=\"{&quot;animation&quot;:&quot;fadeInRight&quot;,&quot;_ha_eqh_enable&quot;:false}\">\n\t\t\t\t<div class=\"elementor-element elementor-element-083566c elementor-widget elementor-widget-image\" data-id=\"083566c\" data-element_type=\"widget\" data-e-type=\"widget\" data-widget_type=\"image.default\">\n\t\t\t\t<div class=\"elementor-widget-container\">\n\t\t\t\t\t\t\t\t\t\t\t\t\t\t\t<img decoding=\"async\" width=\"76\" height=\"76\" src=\"https:\/\/www.eurekasystem.com\/wp-content\/uploads\/2025\/07\/Group-1000003320.png\" class=\"attachment-full size-full wp-image-491\" alt=\"\" \/>\t\t\t\t\t\t\t\t\t\t\t\t\t\t\t<\/div>\n\t\t\t\t<\/div>\n\t\t\t\t<div class=\"elementor-element elementor-element-ed53122 elementor-widget elementor-widget-icon-box\" data-id=\"ed53122\" data-element_type=\"widget\" data-e-type=\"widget\" data-widget_type=\"icon-box.default\">\n\t\t\t\t<div class=\"elementor-widget-container\">\n\t\t\t\t\t\t\t<div class=\"elementor-icon-box-wrapper\">\n\n\t\t\t\n\t\t\t\t\t\t<div class=\"elementor-icon-box-content\">\n\n\t\t\t\t\t\t\t\t\t<h3 class=\"elementor-icon-box-title\">\n\t\t\t\t\t\t<span  >\n\t\t\t\t\t\t\tManuseio e acess\u00f3rios\t\t\t\t\t\t<\/span>\n\t\t\t\t\t<\/h3>\n\t\t\t\t\n\t\t\t\t\t\t\t\t\t<p class=\"elementor-icon-box-description\">\n\t\t\t\t\t\tA Eureka System pode fornecer m\u00f3dulos de transportadores para a transfer\u00eancia de pe\u00e7as de trabalho, permitindo uma conex\u00e3o autom\u00e1tica entre as m\u00e1quinas envolvidas no processo de produ\u00e7\u00e3o.\nOferecemos linhas padr\u00e3o que s\u00e3o f\u00e1ceis de integrar \u00e0s m\u00e1quinas existentes, bem como solu\u00e7\u00f5es personalizadas de acordo com o layout espec\u00edfico do cliente ou com os requisitos de produ\u00e7\u00e3o.\nAs solu\u00e7\u00f5es de transportadores incluem:<br>Transportadores de correia motorizados em v\u00e1rios formatos.<br>Transportadores de correia motorizados e roletes com acionamento angular. <br>Transportadores de rolos ociosos para conex\u00f5es lineares.<br>Transportadores de rolos extens\u00edveis ociosos.<br>Transportadores de rolos extens\u00edveis motorizados.<br>Rolos de tensionamento para montagem de correias de acionamento.<br>\t\t\t\t\t<\/p>\n\t\t\t\t\n\t\t\t<\/div>\n\t\t\t\n\t\t<\/div>\n\t\t\t\t\t\t<\/div>\n\t\t\t\t<\/div>\n\t\t\t\t<div class=\"elementor-element elementor-element-a7dc8b1 elementor-align-right elementor-widget elementor-widget-button\" data-id=\"a7dc8b1\" data-element_type=\"widget\" data-e-type=\"widget\" data-widget_type=\"button.default\">\n\t\t\t\t<div class=\"elementor-widget-container\">\n\t\t\t\t\t\t\t\t\t<div class=\"elementor-button-wrapper\">\n\t\t\t\t\t<a class=\"elementor-button elementor-button-link elementor-size-sm\" href=\"https:\/\/www.eurekasystem.com\/prodotti-v2\/movimentazione-accessori\/\">\n\t\t\t\t\t\t<span class=\"elementor-button-content-wrapper\">\n\t\t\t\t\t\t\t\t\t<span class=\"elementor-button-text\">Leia mais<\/span>\n\t\t\t\t\t<\/span>\n\t\t\t\t\t<\/a>\n\t\t\t\t<\/div>\n\t\t\t\t\t\t\t\t<\/div>\n\t\t\t\t<\/div>\n\t\t\t\t<\/div>\n\t\t\t\t<\/div>\n\t\t<div class=\"elementor-element elementor-element-950ddae e-con-full e-flex e-con e-child\" data-id=\"950ddae\" data-element_type=\"container\" data-e-type=\"container\" data-settings=\"{&quot;_ha_eqh_enable&quot;:false}\">\n\t\t<div class=\"elementor-element elementor-element-d72f66b e-con-full e-flex elementor-invisible e-con e-child\" data-id=\"d72f66b\" data-element_type=\"container\" data-e-type=\"container\" data-settings=\"{&quot;animation&quot;:&quot;fadeInRight&quot;,&quot;_ha_eqh_enable&quot;:false}\">\n\t\t\t\t<div class=\"elementor-element elementor-element-218d150 elementor-widget elementor-widget-image\" data-id=\"218d150\" data-element_type=\"widget\" data-e-type=\"widget\" data-widget_type=\"image.default\">\n\t\t\t\t<div class=\"elementor-widget-container\">\n\t\t\t\t\t\t\t\t\t\t\t\t\t\t\t<img decoding=\"async\" width=\"76\" height=\"76\" src=\"https:\/\/www.eurekasystem.com\/wp-content\/uploads\/2025\/07\/Group-1000003320.png\" class=\"attachment-full size-full wp-image-491\" alt=\"\" \/>\t\t\t\t\t\t\t\t\t\t\t\t\t\t\t<\/div>\n\t\t\t\t<\/div>\n\t\t\t\t<div class=\"elementor-element elementor-element-7f97f51 elementor-widget elementor-widget-icon-box\" data-id=\"7f97f51\" data-element_type=\"widget\" data-e-type=\"widget\" data-widget_type=\"icon-box.default\">\n\t\t\t\t<div class=\"elementor-widget-container\">\n\t\t\t\t\t\t\t<div class=\"elementor-icon-box-wrapper\">\n\n\t\t\t\n\t\t\t\t\t\t<div class=\"elementor-icon-box-content\">\n\n\t\t\t\t\t\t\t\t\t<h3 class=\"elementor-icon-box-title\">\n\t\t\t\t\t\t<span  >\n\t\t\t\t\t\t\tProdu\u00e7\u00e3o de m\u00e1quinas especiais a pedido do cliente  \t\t\t\t\t\t<\/span>\n\t\t\t\t\t<\/h3>\n\t\t\t\t\n\t\t\t\t\t\t\t\t\t<p class=\"elementor-icon-box-description\">\n\t\t\t\t\t\tA Eureka System pode fornecer m\u00f3dulos de transportadores para a transfer\u00eancia de pe\u00e7as de trabalho, permitindo uma conex\u00e3o autom\u00e1tica entre as m\u00e1quinas envolvidas no processo de produ\u00e7\u00e3o.\nOferecemos linhas padr\u00e3o que s\u00e3o f\u00e1ceis de integrar \u00e0s m\u00e1quinas existentes, bem como solu\u00e7\u00f5es personalizadas de acordo com o layout espec\u00edfico do cliente ou com os requisitos de produ\u00e7\u00e3o.\nAs solu\u00e7\u00f5es de transportadores incluem:<br>Transportadores de correia motorizados em v\u00e1rios formatos.<br>Transportadores de correia motorizados e roletes com acionamento angular. <br>Transportadores de rolos ociosos para conex\u00f5es lineares.<br>Transportadores de rolos extens\u00edveis ociosos.<br>Transportadores de rolos extens\u00edveis motorizados.<br>Rolos de tensionamento para montagem de correias de acionamento.<br>\t\t\t\t\t<\/p>\n\t\t\t\t\n\t\t\t<\/div>\n\t\t\t\n\t\t<\/div>\n\t\t\t\t\t\t<\/div>\n\t\t\t\t<\/div>\n\t\t\t\t<\/div>\n\t\t\t\t<\/div>\n\t\t\t\t\t<\/div>\n\t\t\t\t<\/div>\n\t\t\t\t<\/div>\n\t\t","protected":false},"excerpt":{"rendered":"<p>Produtos A Eureka System projeta, fabrica, instala e mant\u00e9m m\u00e1quinas e sistemas para o setor cer\u00e2mico e outros setores. As principais m\u00e1quinas fabricadas incluem serras, m\u00e1quinas de colagem, secadores est\u00e1ticos e sistemas de manuseio para a produ\u00e7\u00e3o de mosaicos, usando materiais como cer\u00e2mica, vidro, m\u00e1rmore e outras pedras naturais. Al\u00e9m disso, a Eureka System desenvolveu [&hellip;]<\/p>\n","protected":false},"author":1,"featured_media":0,"parent":0,"menu_order":0,"comment_status":"closed","ping_status":"closed","template":"elementor_header_footer","meta":{"footnotes":""},"class_list":["post-492","page","type-page","status-publish","hentry"],"_links":{"self":[{"href":"https:\/\/www.eurekasystem.com\/pt-br\/wp-json\/wp\/v2\/pages\/492","targetHints":{"allow":["GET"]}}],"collection":[{"href":"https:\/\/www.eurekasystem.com\/pt-br\/wp-json\/wp\/v2\/pages"}],"about":[{"href":"https:\/\/www.eurekasystem.com\/pt-br\/wp-json\/wp\/v2\/types\/page"}],"author":[{"embeddable":true,"href":"https:\/\/www.eurekasystem.com\/pt-br\/wp-json\/wp\/v2\/users\/1"}],"replies":[{"embeddable":true,"href":"https:\/\/www.eurekasystem.com\/pt-br\/wp-json\/wp\/v2\/comments?post=492"}],"version-history":[{"count":1,"href":"https:\/\/www.eurekasystem.com\/pt-br\/wp-json\/wp\/v2\/pages\/492\/revisions"}],"predecessor-version":[{"id":493,"href":"https:\/\/www.eurekasystem.com\/pt-br\/wp-json\/wp\/v2\/pages\/492\/revisions\/493"}],"wp:attachment":[{"href":"https:\/\/www.eurekasystem.com\/pt-br\/wp-json\/wp\/v2\/media?parent=492"}],"curies":[{"name":"wp","href":"https:\/\/api.w.org\/{rel}","templated":true}]}}