{"id":454,"date":"2025-07-01T10:51:04","date_gmt":"2025-07-01T10:51:04","guid":{"rendered":"http:\/\/www.eurekasystem.com\/sobre-nos\/"},"modified":"2025-10-21T13:08:14","modified_gmt":"2025-10-21T13:08:14","slug":"sobre-nos","status":"publish","type":"page","link":"https:\/\/www.eurekasystem.com\/pt-br\/sobre-nos\/","title":{"rendered":"Sobre n\u00f3s"},"content":{"rendered":"\t\t<div data-elementor-type=\"wp-page\" data-elementor-id=\"454\" class=\"elementor elementor-454 elementor-122\" data-elementor-settings=\"{&quot;ha_cmc_init_switcher&quot;:&quot;no&quot;}\" data-elementor-post-type=\"page\">\n\t\t\t\t<div class=\"elementor-element elementor-element-646c7fa8 e-con-full e-flex elementor-invisible e-con e-parent\" data-id=\"646c7fa8\" data-element_type=\"container\" data-e-type=\"container\" data-settings=\"{&quot;animation&quot;:&quot;zoomIn&quot;,&quot;_ha_eqh_enable&quot;:false}\">\n\t\t<div class=\"elementor-element elementor-element-204ad643 e-flex e-con-boxed e-con e-child\" data-id=\"204ad643\" data-element_type=\"container\" data-e-type=\"container\" data-settings=\"{&quot;background_background&quot;:&quot;classic&quot;,&quot;_ha_eqh_enable&quot;:false}\">\n\t\t\t\t\t<div class=\"e-con-inner\">\n\t\t<div class=\"elementor-element elementor-element-7309ae8e e-flex e-con-boxed e-con e-child\" data-id=\"7309ae8e\" data-element_type=\"container\" data-e-type=\"container\" data-settings=\"{&quot;background_background&quot;:&quot;classic&quot;,&quot;_ha_eqh_enable&quot;:false}\">\n\t\t\t\t\t<div class=\"e-con-inner\">\n\t\t<div class=\"elementor-element elementor-element-74de093f e-con-full e-flex e-con e-child\" data-id=\"74de093f\" data-element_type=\"container\" data-e-type=\"container\" data-settings=\"{&quot;_ha_eqh_enable&quot;:false}\">\n\t\t\t\t<div class=\"elementor-element elementor-element-366c9cb2 elementor-widget elementor-widget-text-editor\" data-id=\"366c9cb2\" data-element_type=\"widget\" data-e-type=\"widget\" data-widget_type=\"text-editor.default\">\n\t\t\t\t<div class=\"elementor-widget-container\">\n\t\t\t\t\t\t\t\t\t<p>Sobre n\u00f3s<\/p>\t\t\t\t\t\t\t\t<\/div>\n\t\t\t\t<\/div>\n\t\t\t\t<\/div>\n\t\t\t\t\t<\/div>\n\t\t\t\t<\/div>\n\t\t\t\t\t<\/div>\n\t\t\t\t<\/div>\n\t\t\t\t<\/div>\n\t\t<div class=\"elementor-element elementor-element-15118cad e-flex e-con-boxed e-con e-parent\" data-id=\"15118cad\" data-element_type=\"container\" data-e-type=\"container\" data-settings=\"{&quot;_ha_eqh_enable&quot;:false}\">\n\t\t\t\t\t<div class=\"e-con-inner\">\n\t\t<div class=\"elementor-element elementor-element-1511dadf e-con-full e-flex elementor-invisible e-con e-child\" data-id=\"1511dadf\" data-element_type=\"container\" data-e-type=\"container\" data-settings=\"{&quot;animation&quot;:&quot;fadeInLeft&quot;,&quot;_ha_eqh_enable&quot;:false}\">\n\t\t\t\t<div class=\"elementor-element elementor-element-6d674357 elementor-widget elementor-widget-text-editor\" data-id=\"6d674357\" data-element_type=\"widget\" data-e-type=\"widget\" data-widget_type=\"text-editor.default\">\n\t\t\t\t<div class=\"elementor-widget-container\">\n\t\t\t\t\t\t\t\t\t<p>SOBRE N\u00d3S<\/p>\t\t\t\t\t\t\t\t<\/div>\n\t\t\t\t<\/div>\n\t\t\t\t<div class=\"elementor-element elementor-element-97a80c5 elementor-widget__width-initial elementor-widget-mobile__width-initial elementor-widget elementor-widget-heading\" data-id=\"97a80c5\" data-element_type=\"widget\" data-e-type=\"widget\" data-widget_type=\"heading.default\">\n\t\t\t\t<div class=\"elementor-widget-container\">\n\t\t\t\t\t<h2 class=\"elementor-heading-title elementor-size-default\">Inova\u00e7\u00e3o e experi\u00eancia<\/h2>\t\t\t\t<\/div>\n\t\t\t\t<\/div>\n\t\t\t\t<div class=\"elementor-element elementor-element-7868dad3 elementor-widget elementor-widget-text-editor\" data-id=\"7868dad3\" data-element_type=\"widget\" data-e-type=\"widget\" data-widget_type=\"text-editor.default\">\n\t\t\t\t<div class=\"elementor-widget-container\">\n\t\t\t\t\t\t\t\t\t<p><strong data-start=\"87\" data-end=\"104\">A Eureka System<\/strong> foi fundada em 2000 como uma empresa especializada na produ\u00e7\u00e3o de <strong data-start=\"177\" data-end=\"200\">m\u00e1quinas e instala\u00e7\u00f5es<\/strong> para os setores de cer\u00e2mica, pedra natural, mosaico, m\u00e1rmore e cer\u00e2mica. Todas as nossas instala\u00e7\u00f5es s\u00e3o projetadas e fabricadas internamente, com nossa pr\u00f3pria marca, para garantir qualidade e confiabilidade. <\/p><p data-start=\"435\" data-end=\"870\">A empresa nasceu e se desenvolveu gra\u00e7as \u00e0 experi\u00eancia do fundador, dos s\u00f3cios e de uma equipe qualificada de colaboradores, todos com longa carreira em algumas das principais empresas do setor. Essa experi\u00eancia nos permite entender completamente as necessidades de nossos clientes, apoiando-os n\u00e3o apenas nos desafios da produ\u00e7\u00e3o moderna, mas tamb\u00e9m na busca por solu\u00e7\u00f5es inovadoras e de desempenho cada vez mais alto. <\/p><p data-start=\"872\" data-end=\"1151\">Tamb\u00e9m somos especialistas no <strong data-start=\"898\" data-end=\"928\">recondicionamento completo<\/strong> de m\u00e1quinas usadas, incluindo as de outras marcas l\u00edderes. Podemos restaurar componentes irreparavelmente danificados e, ao mesmo tempo, fornecer <strong data-start=\"1094\" data-end=\"1107\">acess\u00f3rios<\/strong> e <strong data-start=\"1110\" data-end=\"1134\">consum\u00edveis<\/strong> de alta qualidade. <\/p><p data-start=\"1153\" data-end=\"1353\">Nossa presen\u00e7a constante no campo nos torna um parceiro confi\u00e1vel para o mercado de <strong data-start=\"1243\" data-end=\"1261\">m\u00e1quinas usadas<\/strong>, tanto na <strong data-start=\"1273\" data-end=\"1288\">avalia\u00e7\u00e3o<\/strong> quanto na <strong data-start=\"1299\" data-end=\"1312\">sele\u00e7\u00e3o do<\/strong> melhor equipamento para cada necessidade.<\/p>\t\t\t\t\t\t\t\t<\/div>\n\t\t\t\t<\/div>\n\t\t<div class=\"elementor-element elementor-element-4e65a48e e-con-full e-flex e-con e-child\" data-id=\"4e65a48e\" data-element_type=\"container\" data-e-type=\"container\" data-settings=\"{&quot;_ha_eqh_enable&quot;:false}\">\n\t\t<div class=\"elementor-element elementor-element-62ed87a8 e-con-full e-flex e-con e-child\" data-id=\"62ed87a8\" data-element_type=\"container\" data-e-type=\"container\" data-settings=\"{&quot;_ha_eqh_enable&quot;:false}\">\n\t\t\t\t<div class=\"elementor-element elementor-element-479d0aa5 elementor-mobile-align-center elementor-icon-list--layout-traditional elementor-list-item-link-full_width elementor-widget elementor-widget-icon-list\" data-id=\"479d0aa5\" data-element_type=\"widget\" data-e-type=\"widget\" data-widget_type=\"icon-list.default\">\n\t\t\t\t<div class=\"elementor-widget-container\">\n\t\t\t\t\t\t\t<ul class=\"elementor-icon-list-items\">\n\t\t\t\t\t\t\t<li class=\"elementor-icon-list-item\">\n\t\t\t\t\t\t\t\t\t\t\t<span class=\"elementor-icon-list-icon\">\n\t\t\t\t\t\t\t<svg aria-hidden=\"true\" class=\"e-font-icon-svg e-fas-check-double\" viewBox=\"0 0 512 512\" xmlns=\"http:\/\/www.w3.org\/2000\/svg\"><path d=\"M505 174.8l-39.6-39.6c-9.4-9.4-24.6-9.4-33.9 0L192 374.7 80.6 263.2c-9.4-9.4-24.6-9.4-33.9 0L7 302.9c-9.4 9.4-9.4 24.6 0 34L175 505c9.4 9.4 24.6 9.4 33.9 0l296-296.2c9.4-9.5 9.4-24.7.1-34zm-324.3 106c6.2 6.3 16.4 6.3 22.6 0l208-208.2c6.2-6.3 6.2-16.4 0-22.6L366.1 4.7c-6.2-6.3-16.4-6.3-22.6 0L192 156.2l-55.4-55.5c-6.2-6.3-16.4-6.3-22.6 0L68.7 146c-6.2 6.3-6.2 16.4 0 22.6l112 112.2z\"><\/path><\/svg>\t\t\t\t\t\t<\/span>\n\t\t\t\t\t\t\t\t\t\t<span class=\"elementor-icon-list-text\">Especializada na produ\u00e7\u00e3o de m\u00e1quinas e instala\u00e7\u00f5es<\/span>\n\t\t\t\t\t\t\t\t\t<\/li>\n\t\t\t\t\t\t\t\t<li class=\"elementor-icon-list-item\">\n\t\t\t\t\t\t\t\t\t\t\t<span class=\"elementor-icon-list-icon\">\n\t\t\t\t\t\t\t<svg aria-hidden=\"true\" class=\"e-font-icon-svg e-fas-check-double\" viewBox=\"0 0 512 512\" xmlns=\"http:\/\/www.w3.org\/2000\/svg\"><path d=\"M505 174.8l-39.6-39.6c-9.4-9.4-24.6-9.4-33.9 0L192 374.7 80.6 263.2c-9.4-9.4-24.6-9.4-33.9 0L7 302.9c-9.4 9.4-9.4 24.6 0 34L175 505c9.4 9.4 24.6 9.4 33.9 0l296-296.2c9.4-9.5 9.4-24.7.1-34zm-324.3 106c6.2 6.3 16.4 6.3 22.6 0l208-208.2c6.2-6.3 6.2-16.4 0-22.6L366.1 4.7c-6.2-6.3-16.4-6.3-22.6 0L192 156.2l-55.4-55.5c-6.2-6.3-16.4-6.3-22.6 0L68.7 146c-6.2 6.3-6.2 16.4 0 22.6l112 112.2z\"><\/path><\/svg>\t\t\t\t\t\t<\/span>\n\t\t\t\t\t\t\t\t\t\t<span class=\"elementor-icon-list-text\">Experi\u00eancia e compet\u00eancia da equipe<\/span>\n\t\t\t\t\t\t\t\t\t<\/li>\n\t\t\t\t\t\t\t\t<li class=\"elementor-icon-list-item\">\n\t\t\t\t\t\t\t\t\t\t\t<span class=\"elementor-icon-list-icon\">\n\t\t\t\t\t\t\t<svg aria-hidden=\"true\" class=\"e-font-icon-svg e-fas-check-double\" viewBox=\"0 0 512 512\" xmlns=\"http:\/\/www.w3.org\/2000\/svg\"><path d=\"M505 174.8l-39.6-39.6c-9.4-9.4-24.6-9.4-33.9 0L192 374.7 80.6 263.2c-9.4-9.4-24.6-9.4-33.9 0L7 302.9c-9.4 9.4-9.4 24.6 0 34L175 505c9.4 9.4 24.6 9.4 33.9 0l296-296.2c9.4-9.5 9.4-24.7.1-34zm-324.3 106c6.2 6.3 16.4 6.3 22.6 0l208-208.2c6.2-6.3 6.2-16.4 0-22.6L366.1 4.7c-6.2-6.3-16.4-6.3-22.6 0L192 156.2l-55.4-55.5c-6.2-6.3-16.4-6.3-22.6 0L68.7 146c-6.2 6.3-6.2 16.4 0 22.6l112 112.2z\"><\/path><\/svg>\t\t\t\t\t\t<\/span>\n\t\t\t\t\t\t\t\t\t\t<span class=\"elementor-icon-list-text\">Recondicionamento de m\u00e1quinas usadas<\/span>\n\t\t\t\t\t\t\t\t\t<\/li>\n\t\t\t\t\t\t\t\t<li class=\"elementor-icon-list-item\">\n\t\t\t\t\t\t\t\t\t\t\t<span class=\"elementor-icon-list-icon\">\n\t\t\t\t\t\t\t<svg aria-hidden=\"true\" class=\"e-font-icon-svg e-fas-check-double\" viewBox=\"0 0 512 512\" xmlns=\"http:\/\/www.w3.org\/2000\/svg\"><path d=\"M505 174.8l-39.6-39.6c-9.4-9.4-24.6-9.4-33.9 0L192 374.7 80.6 263.2c-9.4-9.4-24.6-9.4-33.9 0L7 302.9c-9.4 9.4-9.4 24.6 0 34L175 505c9.4 9.4 24.6 9.4 33.9 0l296-296.2c9.4-9.5 9.4-24.7.1-34zm-324.3 106c6.2 6.3 16.4 6.3 22.6 0l208-208.2c6.2-6.3 6.2-16.4 0-22.6L366.1 4.7c-6.2-6.3-16.4-6.3-22.6 0L192 156.2l-55.4-55.5c-6.2-6.3-16.4-6.3-22.6 0L68.7 146c-6.2 6.3-6.2 16.4 0 22.6l112 112.2z\"><\/path><\/svg>\t\t\t\t\t\t<\/span>\n\t\t\t\t\t\t\t\t\t\t<span class=\"elementor-icon-list-text\">Confiabilidade no mercado de m\u00e1quinas usadas<\/span>\n\t\t\t\t\t\t\t\t\t<\/li>\n\t\t\t\t\t\t<\/ul>\n\t\t\t\t\t\t<\/div>\n\t\t\t\t<\/div>\n\t\t\t\t<\/div>\n\t\t\t\t<\/div>\n\t\t<div class=\"elementor-element elementor-element-71c71e20 e-con-full e-flex e-con e-child\" data-id=\"71c71e20\" data-element_type=\"container\" data-e-type=\"container\" data-settings=\"{&quot;_ha_eqh_enable&quot;:false}\">\n\t\t\t\t<\/div>\n\t\t\t\t<\/div>\n\t\t<div class=\"elementor-element elementor-element-64d2a822 e-con-full e-flex elementor-invisible e-con e-child\" data-id=\"64d2a822\" data-element_type=\"container\" data-e-type=\"container\" data-settings=\"{&quot;animation&quot;:&quot;fadeInRight&quot;,&quot;_ha_eqh_enable&quot;:false}\">\n\t\t\t\t<div class=\"elementor-element elementor-element-1d4147bb elementor-widget elementor-widget-image\" data-id=\"1d4147bb\" data-element_type=\"widget\" data-e-type=\"widget\" data-widget_type=\"image.default\">\n\t\t\t\t<div class=\"elementor-widget-container\">\n\t\t\t\t\t\t\t\t\t\t\t\t\t\t\t<img fetchpriority=\"high\" decoding=\"async\" width=\"1441\" height=\"2560\" src=\"https:\/\/www.eurekasystem.com\/wp-content\/uploads\/2025\/07\/20220211_170329_resized-scaled.jpg\" class=\"attachment-full size-full wp-image-453\" alt=\"\" srcset=\"https:\/\/www.eurekasystem.com\/wp-content\/uploads\/2025\/07\/20220211_170329_resized-scaled.jpg 1441w, https:\/\/www.eurekasystem.com\/wp-content\/uploads\/2025\/07\/20220211_170329_resized-169x300.jpg 169w, https:\/\/www.eurekasystem.com\/wp-content\/uploads\/2025\/07\/20220211_170329_resized-577x1024.jpg 577w, https:\/\/www.eurekasystem.com\/wp-content\/uploads\/2025\/07\/20220211_170329_resized-768x1364.jpg 768w, https:\/\/www.eurekasystem.com\/wp-content\/uploads\/2025\/07\/20220211_170329_resized-865x1536.jpg 865w, https:\/\/www.eurekasystem.com\/wp-content\/uploads\/2025\/07\/20220211_170329_resized-1153x2048.jpg 1153w\" sizes=\"(max-width: 1441px) 100vw, 1441px\" \/>\t\t\t\t\t\t\t\t\t\t\t\t\t\t\t<\/div>\n\t\t\t\t<\/div>\n\t\t\t\t<\/div>\n\t\t\t\t\t<\/div>\n\t\t\t\t<\/div>\n\t\t\t\t<\/div>\n\t\t","protected":false},"excerpt":{"rendered":"<p>Sobre n\u00f3s SOBRE N\u00d3S Inova\u00e7\u00e3o e experi\u00eancia A Eureka System foi fundada em 2000 como uma empresa especializada na produ\u00e7\u00e3o de m\u00e1quinas e instala\u00e7\u00f5es para os setores de cer\u00e2mica, pedra natural, mosaico, m\u00e1rmore e cer\u00e2mica. Todas as nossas instala\u00e7\u00f5es s\u00e3o projetadas e fabricadas internamente, com nossa pr\u00f3pria marca, para garantir qualidade e confiabilidade. A empresa [&hellip;]<\/p>\n","protected":false},"author":1,"featured_media":0,"parent":0,"menu_order":0,"comment_status":"closed","ping_status":"closed","template":"","meta":{"footnotes":""},"class_list":["post-454","page","type-page","status-publish","hentry"],"_links":{"self":[{"href":"https:\/\/www.eurekasystem.com\/pt-br\/wp-json\/wp\/v2\/pages\/454","targetHints":{"allow":["GET"]}}],"collection":[{"href":"https:\/\/www.eurekasystem.com\/pt-br\/wp-json\/wp\/v2\/pages"}],"about":[{"href":"https:\/\/www.eurekasystem.com\/pt-br\/wp-json\/wp\/v2\/types\/page"}],"author":[{"embeddable":true,"href":"https:\/\/www.eurekasystem.com\/pt-br\/wp-json\/wp\/v2\/users\/1"}],"replies":[{"embeddable":true,"href":"https:\/\/www.eurekasystem.com\/pt-br\/wp-json\/wp\/v2\/comments?post=454"}],"version-history":[{"count":1,"href":"https:\/\/www.eurekasystem.com\/pt-br\/wp-json\/wp\/v2\/pages\/454\/revisions"}],"predecessor-version":[{"id":457,"href":"https:\/\/www.eurekasystem.com\/pt-br\/wp-json\/wp\/v2\/pages\/454\/revisions\/457"}],"wp:attachment":[{"href":"https:\/\/www.eurekasystem.com\/pt-br\/wp-json\/wp\/v2\/media?parent=454"}],"curies":[{"name":"wp","href":"https:\/\/api.w.org\/{rel}","templated":true}]}}